{"id":303249,"date":"2025-06-11T10:44:03","date_gmt":"2025-06-11T08:44:03","guid":{"rendered":"https:\/\/amuseapp.art\/inteligencia-artificial-para-audio-traducciones-e-itinerarios\/"},"modified":"2025-06-11T10:44:07","modified_gmt":"2025-06-11T08:44:07","slug":"inteligencia-artificial-para-audio-traducciones-e-itinerarios","status":"publish","type":"page","link":"https:\/\/amuseapp.art\/es\/inteligencia-artificial-para-audio-traducciones-e-itinerarios\/","title":{"rendered":"Inteligencia artificial para audio, traducciones e itinerarios"},"content":{"rendered":"\t\t<div data-elementor-type=\"wp-page\" data-elementor-id=\"303249\" class=\"elementor elementor-303249 elementor-296481\" data-elementor-post-type=\"page\">\n\t\t\t\t\t\t<section class=\"elementor-section elementor-top-section elementor-element elementor-element-5a723a7 elementor-section-boxed elementor-section-height-default elementor-section-height-default\" data-id=\"5a723a7\" data-element_type=\"section\" data-e-type=\"section\" data-settings=\"{&quot;jet_parallax_layout_list&quot;:[]}\">\n\t\t\t\t\t\t<div class=\"elementor-container elementor-column-gap-default\">\n\t\t\t\t\t<div class=\"elementor-column elementor-col-100 elementor-top-column elementor-element elementor-element-117c475\" data-id=\"117c475\" data-element_type=\"column\" data-e-type=\"column\">\n\t\t\t<div class=\"elementor-widget-wrap elementor-element-populated\">\n\t\t\t\t\t\t<div class=\"elementor-element elementor-element-fd446e6 elementor-widget__width-auto elementor-widget elementor-widget-heading\" data-id=\"fd446e6\" data-element_type=\"widget\" data-e-type=\"widget\" data-widget_type=\"heading.default\">\n\t\t\t\t<div class=\"elementor-widget-container\">\n\t\t\t\t\t<h1 class=\"elementor-heading-title elementor-size-default\">Inteligencia artificial para audio, traducciones e itinerarios<\/h1>\t\t\t\t<\/div>\n\t\t\t\t<\/div>\n\t\t\t\t\t<\/div>\n\t\t<\/div>\n\t\t\t\t\t<\/div>\n\t\t<\/section>\n\t\t<div class=\"elementor-element elementor-element-1d2b151 e-flex e-con-boxed e-con e-parent\" data-id=\"1d2b151\" data-element_type=\"container\" data-e-type=\"container\" data-settings=\"{&quot;jet_parallax_layout_list&quot;:[]}\">\n\t\t\t\t\t<div class=\"e-con-inner\">\n\t\t<div class=\"elementor-element elementor-element-244fda0 e-con-full e-flex e-con e-child\" data-id=\"244fda0\" data-element_type=\"container\" data-e-type=\"container\" data-settings=\"{&quot;jet_parallax_layout_list&quot;:[]}\">\n\t\t\t\t<div class=\"elementor-element elementor-element-afbe5f5 elementor-widget elementor-widget-text-editor\" data-id=\"afbe5f5\" data-element_type=\"widget\" data-e-type=\"widget\" data-widget_type=\"text-editor.default\">\n\t\t\t\t<div class=\"elementor-widget-container\">\n\t\t\t\t\t\t\t\t\t<p><span style=\"font-weight: 400;\">amuseapp es la soluci\u00f3n que aumenta los ingresos de tu museo y la experiencia de los visitantes con la ayuda de la inteligencia artificial.<\/span><\/p><p><strong>\u00bfEn qu\u00e9 fase se utiliza la inteligencia artificial?  <\/strong><\/p>\t\t\t\t\t\t\t\t<\/div>\n\t\t\t\t<\/div>\n\t\t\t\t<\/div>\n\t\t<div class=\"elementor-element elementor-element-6e005ca e-con-full e-flex e-con e-child\" data-id=\"6e005ca\" data-element_type=\"container\" data-e-type=\"container\" data-settings=\"{&quot;background_background&quot;:&quot;classic&quot;,&quot;jet_parallax_layout_list&quot;:[]}\">\n\t\t\t\t<div class=\"elementor-element elementor-element-f796f14 elementor-widget elementor-widget-image\" data-id=\"f796f14\" data-element_type=\"widget\" data-e-type=\"widget\" data-widget_type=\"image.default\">\n\t\t\t\t<div class=\"elementor-widget-container\">\n\t\t\t\t\t\t\t\t\t\t\t\t\t\t\t<img fetchpriority=\"high\" decoding=\"async\" width=\"1024\" height=\"768\" src=\"https:\/\/amuseapp.art\/wp-content\/uploads\/2024\/09\/dashoard-amuseapp-mockup-1024x768.png\" class=\"attachment-large size-large wp-image-303250\" alt=\"\" srcset=\"https:\/\/amuseapp.art\/wp-content\/uploads\/2024\/09\/dashoard-amuseapp-mockup-1024x768.png 1024w, https:\/\/amuseapp.art\/wp-content\/uploads\/2024\/09\/dashoard-amuseapp-mockup-300x225.png 300w, https:\/\/amuseapp.art\/wp-content\/uploads\/2024\/09\/dashoard-amuseapp-mockup-768x576.png 768w, https:\/\/amuseapp.art\/wp-content\/uploads\/2024\/09\/dashoard-amuseapp-mockup.png 1200w\" sizes=\"(max-width: 1024px) 100vw, 1024px\" \/>\t\t\t\t\t\t\t\t\t\t\t\t\t\t\t<\/div>\n\t\t\t\t<\/div>\n\t\t\t\t<\/div>\n\t\t\t\t\t<\/div>\n\t\t\t\t<\/div>\n\t\t<div class=\"elementor-element elementor-element-43dc5a7 e-flex e-con-boxed e-con e-parent\" data-id=\"43dc5a7\" data-element_type=\"container\" data-e-type=\"container\" data-settings=\"{&quot;jet_parallax_layout_list&quot;:[],&quot;background_background&quot;:&quot;classic&quot;}\">\n\t\t\t\t\t<div class=\"e-con-inner\">\n\t\t<div class=\"elementor-element elementor-element-fa338fa e-con-full e-flex e-con e-child\" data-id=\"fa338fa\" data-element_type=\"container\" data-e-type=\"container\" data-settings=\"{&quot;jet_parallax_layout_list&quot;:[]}\">\n\t\t\t\t<div class=\"elementor-element elementor-element-55da11c elementor-widget elementor-widget-heading\" data-id=\"55da11c\" data-element_type=\"widget\" data-e-type=\"widget\" data-widget_type=\"heading.default\">\n\t\t\t\t<div class=\"elementor-widget-container\">\n\t\t\t\t\t<h2 class=\"elementor-heading-title elementor-size-default\">En la creaci\u00f3n de contenidos para la audiogu\u00eda<\/h2>\t\t\t\t<\/div>\n\t\t\t\t<\/div>\n\t\t\t\t<div class=\"elementor-element elementor-element-e72c6f5 elementor-widget elementor-widget-text-editor\" data-id=\"e72c6f5\" data-element_type=\"widget\" data-e-type=\"widget\" data-widget_type=\"text-editor.default\">\n\t\t\t\t<div class=\"elementor-widget-container\">\n\t\t\t\t\t\t\t\t\t<p><strong>PASO 1: GENERACI\u00d3N DE CONTENIDOS<br><\/strong><span style=\"font-weight: 400;\">El sitio cultural proporcionar\u00e1 al equipo material de referencia:<\/span><\/p><ul><li><span style=\"font-weight: 400;\">la grabaci\u00f3n de una visita guiada,  <\/span><\/li><li><span style=\"font-weight: 400;\">los cat\u00e1logos,  <\/span><\/li><li><span style=\"font-weight: 400;\">el sitio web,  <\/span><\/li><li><span style=\"font-weight: 400;\">un libro,<\/span><\/li><\/ul><p><span style=\"font-weight: 400;\">un documento pdf con explicaciones sobre los distintos puntos de inter\u00e9s  <\/span><\/p><p><strong>PASO 2: REVISI\u00d3N DEL CONTENIDO<\/strong><\/p><p><span style=\"font-weight: 400;\">Este material ser\u00e1 procesado por la IA y luego revisado por el equipo de amuseapp, que se asegurar\u00e1 de que el contenido sea claro, detallado y sin errores.  <\/span><\/p><p><span style=\"font-weight: 400;\"><strong>PASO 3: PERSONALIZACI\u00d3N DEL CONTENIDO<\/strong><br><\/span><span style=\"font-weight: 400;\">Llegados a este punto<\/span><\/p><ul><li style=\"font-weight: 400;\" aria-level=\"1\"><span style=\"font-weight: 400;\">Traducciones de contenidos generadas por IA a las lenguas requeridas por el sitio cultural<\/span><\/li><li style=\"font-weight: 400;\" aria-level=\"1\"><span style=\"font-weight: 400;\">itinerarios de visita personalizados para ni\u00f1os, adultos, expertos, turistas extranjeros, discapacitados sensoriales, estudiantes, creados por la AI seg\u00fan las exigencias del lugar cultural<\/span><\/li><\/ul><p><span style=\"font-weight: 400;\"><strong>PASO 4: GENERACI\u00d3N DE PISTAS DE AUDIO<\/strong><br><\/span><span style=\"font-weight: 400;\">A continuaci\u00f3n, se generar\u00e1n las voces, de nuevo mediante IA. <\/span> <\/p>\t\t\t\t\t\t\t\t<\/div>\n\t\t\t\t<\/div>\n\t\t\t\t<div class=\"elementor-element elementor-element-2546f22 elementor-widget elementor-widget-image\" data-id=\"2546f22\" data-element_type=\"widget\" data-e-type=\"widget\" data-widget_type=\"image.default\">\n\t\t\t\t<div class=\"elementor-widget-container\">\n\t\t\t\t\t\t\t\t\t\t\t\t\t\t\t<img decoding=\"async\" width=\"1024\" height=\"138\" src=\"https:\/\/amuseapp.art\/wp-content\/uploads\/2024\/09\/catena-workflow-no-sfondo-1024x138.png\" class=\"attachment-large size-large wp-image-297019\" alt=\"\" srcset=\"https:\/\/amuseapp.art\/wp-content\/uploads\/2024\/09\/catena-workflow-no-sfondo-1024x138.png 1024w, https:\/\/amuseapp.art\/wp-content\/uploads\/2024\/09\/catena-workflow-no-sfondo-300x40.png 300w, https:\/\/amuseapp.art\/wp-content\/uploads\/2024\/09\/catena-workflow-no-sfondo-768x104.png 768w, https:\/\/amuseapp.art\/wp-content\/uploads\/2024\/09\/catena-workflow-no-sfondo-1536x207.png 1536w, https:\/\/amuseapp.art\/wp-content\/uploads\/2024\/09\/catena-workflow-no-sfondo.png 1860w\" sizes=\"(max-width: 1024px) 100vw, 1024px\" \/>\t\t\t\t\t\t\t\t\t\t\t\t\t\t\t<\/div>\n\t\t\t\t<\/div>\n\t\t\t\t<\/div>\n\t\t\t\t\t<\/div>\n\t\t\t\t<\/div>\n\t\t<div class=\"elementor-element elementor-element-17cc95d e-con-full e-flex e-con e-parent\" data-id=\"17cc95d\" data-element_type=\"container\" data-e-type=\"container\" data-settings=\"{&quot;jet_parallax_layout_list&quot;:[]}\">\n\t\t\t\t<\/div>\n\t\t\t\t<\/div>\n\t\t","protected":false},"excerpt":{"rendered":"<p>Inteligencia artificial para audio, traducciones e itinerarios amuseapp es la soluci\u00f3n que aumenta los ingresos de tu museo y la experiencia de los visitantes con la ayuda de la inteligencia artificial. \u00bfEn qu\u00e9 fase se utiliza la inteligencia artificial? En la creaci\u00f3n de contenidos para la audiogu\u00eda PASO 1: GENERACI\u00d3N DE CONTENIDOSEl sitio cultural proporcionar\u00e1 [&hellip;]<\/p>\n","protected":false},"author":8,"featured_media":0,"parent":0,"menu_order":0,"comment_status":"closed","ping_status":"closed","template":"elementor_header_footer","meta":{"content-type":"","site-sidebar-layout":"no-sidebar","site-content-layout":"page-builder","ast-site-content-layout":"full-width-container","site-content-style":"unboxed","site-sidebar-style":"unboxed","ast-global-header-display":"","ast-banner-title-visibility":"","ast-main-header-display":"","ast-hfb-above-header-display":"","ast-hfb-below-header-display":"","ast-hfb-mobile-header-display":"","site-post-title":"disabled","ast-breadcrumbs-content":"","ast-featured-img":"disabled","footer-sml-layout":"","ast-disable-related-posts":"","theme-transparent-header-meta":"default","adv-header-id-meta":"","stick-header-meta":"","header-above-stick-meta":"","header-main-stick-meta":"","header-below-stick-meta":"","astra-migrate-meta-layouts":"default","ast-page-background-enabled":"default","ast-page-background-meta":{"desktop":{"background-color":"","background-image":"","background-repeat":"repeat","background-position":"center center","background-size":"auto","background-attachment":"scroll","background-type":"","background-media":"","overlay-type":"","overlay-color":"","overlay-opacity":"","overlay-gradient":""},"tablet":{"background-color":"","background-image":"","background-repeat":"repeat","background-position":"center center","background-size":"auto","background-attachment":"scroll","background-type":"","background-media":"","overlay-type":"","overlay-color":"","overlay-opacity":"","overlay-gradient":""},"mobile":{"background-color":"","background-image":"","background-repeat":"repeat","background-position":"center center","background-size":"auto","background-attachment":"scroll","background-type":"","background-media":"","overlay-type":"","overlay-color":"","overlay-opacity":"","overlay-gradient":""}},"ast-content-background-meta":{"desktop":{"background-color":"var(--ast-global-color-5)","background-image":"","background-repeat":"repeat","background-position":"center center","background-size":"auto","background-attachment":"scroll","background-type":"","background-media":"","overlay-type":"","overlay-color":"","overlay-opacity":"","overlay-gradient":""},"tablet":{"background-color":"var(--ast-global-color-5)","background-image":"","background-repeat":"repeat","background-position":"center center","background-size":"auto","background-attachment":"scroll","background-type":"","background-media":"","overlay-type":"","overlay-color":"","overlay-opacity":"","overlay-gradient":""},"mobile":{"background-color":"var(--ast-global-color-5)","background-image":"","background-repeat":"repeat","background-position":"center center","background-size":"auto","background-attachment":"scroll","background-type":"","background-media":"","overlay-type":"","overlay-color":"","overlay-opacity":"","overlay-gradient":""}},"footnotes":""},"class_list":["post-303249","page","type-page","status-publish","hentry"],"yoast_head":"<!-- This site is optimized with the Yoast SEO plugin v27.4 - https:\/\/yoast.com\/product\/yoast-seo-wordpress\/ -->\n<title>Inteligencia artificial para audio, traducciones e itinerarios - amuseapp<\/title>\n<meta name=\"robots\" content=\"index, follow, max-snippet:-1, max-image-preview:large, max-video-preview:-1\" \/>\n<link rel=\"canonical\" href=\"https:\/\/amuseapp.art\/es\/inteligencia-artificial-para-audio-traducciones-e-itinerarios\/\" \/>\n<meta property=\"og:locale\" content=\"es_ES\" \/>\n<meta property=\"og:type\" content=\"article\" \/>\n<meta property=\"og:title\" content=\"Inteligencia artificial para audio, traducciones e itinerarios - amuseapp\" \/>\n<meta property=\"og:description\" content=\"Inteligencia artificial para audio, traducciones e itinerarios amuseapp es la soluci\u00f3n que aumenta los ingresos de tu museo y la experiencia de los visitantes con la ayuda de la inteligencia artificial. \u00bfEn qu\u00e9 fase se utiliza la inteligencia artificial? En la creaci\u00f3n de contenidos para la audiogu\u00eda PASO 1: GENERACI\u00d3N DE CONTENIDOSEl sitio cultural proporcionar\u00e1 [&hellip;]\" \/>\n<meta property=\"og:url\" content=\"https:\/\/amuseapp.art\/es\/inteligencia-artificial-para-audio-traducciones-e-itinerarios\/\" \/>\n<meta property=\"og:site_name\" content=\"amuseapp\" \/>\n<meta property=\"article:publisher\" content=\"https:\/\/www.facebook.com\/amuseappsensi\/\" \/>\n<meta property=\"article:modified_time\" content=\"2025-06-11T08:44:07+00:00\" \/>\n<meta property=\"og:image\" content=\"https:\/\/amuseapp.art\/wp-content\/uploads\/2024\/09\/dashoard-amuseapp-mockup.png\" \/>\n\t<meta property=\"og:image:width\" content=\"1200\" \/>\n\t<meta property=\"og:image:height\" content=\"900\" \/>\n\t<meta property=\"og:image:type\" content=\"image\/png\" \/>\n<meta name=\"twitter:card\" content=\"summary_large_image\" \/>\n<meta name=\"twitter:label1\" content=\"Tiempo de lectura\" \/>\n\t<meta name=\"twitter:data1\" content=\"1 minuto\" \/>\n<script type=\"application\/ld+json\" class=\"yoast-schema-graph\">{\"@context\":\"https:\\\/\\\/schema.org\",\"@graph\":[{\"@type\":\"WebPage\",\"@id\":\"https:\\\/\\\/amuseapp.art\\\/es\\\/inteligencia-artificial-para-audio-traducciones-e-itinerarios\\\/\",\"url\":\"https:\\\/\\\/amuseapp.art\\\/es\\\/inteligencia-artificial-para-audio-traducciones-e-itinerarios\\\/\",\"name\":\"Inteligencia artificial para audio, traducciones e itinerarios - amuseapp\",\"isPartOf\":{\"@id\":\"https:\\\/\\\/amuseapp.art\\\/#website\"},\"primaryImageOfPage\":{\"@id\":\"https:\\\/\\\/amuseapp.art\\\/es\\\/inteligencia-artificial-para-audio-traducciones-e-itinerarios\\\/#primaryimage\"},\"image\":{\"@id\":\"https:\\\/\\\/amuseapp.art\\\/es\\\/inteligencia-artificial-para-audio-traducciones-e-itinerarios\\\/#primaryimage\"},\"thumbnailUrl\":\"https:\\\/\\\/amuseapp.art\\\/wp-content\\\/uploads\\\/2024\\\/09\\\/dashoard-amuseapp-mockup-1024x768.png\",\"datePublished\":\"2025-06-11T08:44:03+00:00\",\"dateModified\":\"2025-06-11T08:44:07+00:00\",\"breadcrumb\":{\"@id\":\"https:\\\/\\\/amuseapp.art\\\/es\\\/inteligencia-artificial-para-audio-traducciones-e-itinerarios\\\/#breadcrumb\"},\"inLanguage\":\"es\",\"potentialAction\":[{\"@type\":\"ReadAction\",\"target\":[\"https:\\\/\\\/amuseapp.art\\\/es\\\/inteligencia-artificial-para-audio-traducciones-e-itinerarios\\\/\"]}]},{\"@type\":\"ImageObject\",\"inLanguage\":\"es\",\"@id\":\"https:\\\/\\\/amuseapp.art\\\/es\\\/inteligencia-artificial-para-audio-traducciones-e-itinerarios\\\/#primaryimage\",\"url\":\"https:\\\/\\\/amuseapp.art\\\/wp-content\\\/uploads\\\/2024\\\/09\\\/dashoard-amuseapp-mockup-1024x768.png\",\"contentUrl\":\"https:\\\/\\\/amuseapp.art\\\/wp-content\\\/uploads\\\/2024\\\/09\\\/dashoard-amuseapp-mockup-1024x768.png\"},{\"@type\":\"BreadcrumbList\",\"@id\":\"https:\\\/\\\/amuseapp.art\\\/es\\\/inteligencia-artificial-para-audio-traducciones-e-itinerarios\\\/#breadcrumb\",\"itemListElement\":[{\"@type\":\"ListItem\",\"position\":1,\"name\":\"Home\",\"item\":\"https:\\\/\\\/amuseapp.art\\\/en\\\/\"},{\"@type\":\"ListItem\",\"position\":2,\"name\":\"Inteligencia artificial para audio, traducciones e itinerarios\"}]},{\"@type\":\"WebSite\",\"@id\":\"https:\\\/\\\/amuseapp.art\\\/#website\",\"url\":\"https:\\\/\\\/amuseapp.art\\\/\",\"name\":\"amuseapp\",\"description\":\"More than just an audioguide\",\"publisher\":{\"@id\":\"https:\\\/\\\/amuseapp.art\\\/#organization\"},\"potentialAction\":[{\"@type\":\"SearchAction\",\"target\":{\"@type\":\"EntryPoint\",\"urlTemplate\":\"https:\\\/\\\/amuseapp.art\\\/?s={search_term_string}\"},\"query-input\":{\"@type\":\"PropertyValueSpecification\",\"valueRequired\":true,\"valueName\":\"search_term_string\"}}],\"inLanguage\":\"es\"},{\"@type\":\"Organization\",\"@id\":\"https:\\\/\\\/amuseapp.art\\\/#organization\",\"name\":\"Amuse\",\"url\":\"https:\\\/\\\/amuseapp.art\\\/\",\"logo\":{\"@type\":\"ImageObject\",\"inLanguage\":\"es\",\"@id\":\"https:\\\/\\\/amuseapp.art\\\/#\\\/schema\\\/logo\\\/image\\\/\",\"url\":\"https:\\\/\\\/amuseapp.art\\\/wp-content\\\/uploads\\\/2021\\\/03\\\/metodo-amuse-logo.svg\",\"contentUrl\":\"https:\\\/\\\/amuseapp.art\\\/wp-content\\\/uploads\\\/2021\\\/03\\\/metodo-amuse-logo.svg\",\"width\":357,\"height\":47,\"caption\":\"Amuse\"},\"image\":{\"@id\":\"https:\\\/\\\/amuseapp.art\\\/#\\\/schema\\\/logo\\\/image\\\/\"},\"sameAs\":[\"https:\\\/\\\/www.facebook.com\\\/amuseappsensi\\\/\"]}]}<\/script>\n<!-- \/ Yoast SEO plugin. -->","yoast_head_json":{"title":"Inteligencia artificial para audio, traducciones e itinerarios - amuseapp","robots":{"index":"index","follow":"follow","max-snippet":"max-snippet:-1","max-image-preview":"max-image-preview:large","max-video-preview":"max-video-preview:-1"},"canonical":"https:\/\/amuseapp.art\/es\/inteligencia-artificial-para-audio-traducciones-e-itinerarios\/","og_locale":"es_ES","og_type":"article","og_title":"Inteligencia artificial para audio, traducciones e itinerarios - amuseapp","og_description":"Inteligencia artificial para audio, traducciones e itinerarios amuseapp es la soluci\u00f3n que aumenta los ingresos de tu museo y la experiencia de los visitantes con la ayuda de la inteligencia artificial. \u00bfEn qu\u00e9 fase se utiliza la inteligencia artificial? En la creaci\u00f3n de contenidos para la audiogu\u00eda PASO 1: GENERACI\u00d3N DE CONTENIDOSEl sitio cultural proporcionar\u00e1 [&hellip;]","og_url":"https:\/\/amuseapp.art\/es\/inteligencia-artificial-para-audio-traducciones-e-itinerarios\/","og_site_name":"amuseapp","article_publisher":"https:\/\/www.facebook.com\/amuseappsensi\/","article_modified_time":"2025-06-11T08:44:07+00:00","og_image":[{"width":1200,"height":900,"url":"https:\/\/amuseapp.art\/wp-content\/uploads\/2024\/09\/dashoard-amuseapp-mockup.png","type":"image\/png"}],"twitter_card":"summary_large_image","twitter_misc":{"Tiempo de lectura":"1 minuto"},"schema":{"@context":"https:\/\/schema.org","@graph":[{"@type":"WebPage","@id":"https:\/\/amuseapp.art\/es\/inteligencia-artificial-para-audio-traducciones-e-itinerarios\/","url":"https:\/\/amuseapp.art\/es\/inteligencia-artificial-para-audio-traducciones-e-itinerarios\/","name":"Inteligencia artificial para audio, traducciones e itinerarios - amuseapp","isPartOf":{"@id":"https:\/\/amuseapp.art\/#website"},"primaryImageOfPage":{"@id":"https:\/\/amuseapp.art\/es\/inteligencia-artificial-para-audio-traducciones-e-itinerarios\/#primaryimage"},"image":{"@id":"https:\/\/amuseapp.art\/es\/inteligencia-artificial-para-audio-traducciones-e-itinerarios\/#primaryimage"},"thumbnailUrl":"https:\/\/amuseapp.art\/wp-content\/uploads\/2024\/09\/dashoard-amuseapp-mockup-1024x768.png","datePublished":"2025-06-11T08:44:03+00:00","dateModified":"2025-06-11T08:44:07+00:00","breadcrumb":{"@id":"https:\/\/amuseapp.art\/es\/inteligencia-artificial-para-audio-traducciones-e-itinerarios\/#breadcrumb"},"inLanguage":"es","potentialAction":[{"@type":"ReadAction","target":["https:\/\/amuseapp.art\/es\/inteligencia-artificial-para-audio-traducciones-e-itinerarios\/"]}]},{"@type":"ImageObject","inLanguage":"es","@id":"https:\/\/amuseapp.art\/es\/inteligencia-artificial-para-audio-traducciones-e-itinerarios\/#primaryimage","url":"https:\/\/amuseapp.art\/wp-content\/uploads\/2024\/09\/dashoard-amuseapp-mockup-1024x768.png","contentUrl":"https:\/\/amuseapp.art\/wp-content\/uploads\/2024\/09\/dashoard-amuseapp-mockup-1024x768.png"},{"@type":"BreadcrumbList","@id":"https:\/\/amuseapp.art\/es\/inteligencia-artificial-para-audio-traducciones-e-itinerarios\/#breadcrumb","itemListElement":[{"@type":"ListItem","position":1,"name":"Home","item":"https:\/\/amuseapp.art\/en\/"},{"@type":"ListItem","position":2,"name":"Inteligencia artificial para audio, traducciones e itinerarios"}]},{"@type":"WebSite","@id":"https:\/\/amuseapp.art\/#website","url":"https:\/\/amuseapp.art\/","name":"amuseapp","description":"More than just an audioguide","publisher":{"@id":"https:\/\/amuseapp.art\/#organization"},"potentialAction":[{"@type":"SearchAction","target":{"@type":"EntryPoint","urlTemplate":"https:\/\/amuseapp.art\/?s={search_term_string}"},"query-input":{"@type":"PropertyValueSpecification","valueRequired":true,"valueName":"search_term_string"}}],"inLanguage":"es"},{"@type":"Organization","@id":"https:\/\/amuseapp.art\/#organization","name":"Amuse","url":"https:\/\/amuseapp.art\/","logo":{"@type":"ImageObject","inLanguage":"es","@id":"https:\/\/amuseapp.art\/#\/schema\/logo\/image\/","url":"https:\/\/amuseapp.art\/wp-content\/uploads\/2021\/03\/metodo-amuse-logo.svg","contentUrl":"https:\/\/amuseapp.art\/wp-content\/uploads\/2021\/03\/metodo-amuse-logo.svg","width":357,"height":47,"caption":"Amuse"},"image":{"@id":"https:\/\/amuseapp.art\/#\/schema\/logo\/image\/"},"sameAs":["https:\/\/www.facebook.com\/amuseappsensi\/"]}]}},"_links":{"self":[{"href":"https:\/\/amuseapp.art\/es\/wp-json\/wp\/v2\/pages\/303249","targetHints":{"allow":["GET"]}}],"collection":[{"href":"https:\/\/amuseapp.art\/es\/wp-json\/wp\/v2\/pages"}],"about":[{"href":"https:\/\/amuseapp.art\/es\/wp-json\/wp\/v2\/types\/page"}],"author":[{"embeddable":true,"href":"https:\/\/amuseapp.art\/es\/wp-json\/wp\/v2\/users\/8"}],"replies":[{"embeddable":true,"href":"https:\/\/amuseapp.art\/es\/wp-json\/wp\/v2\/comments?post=303249"}],"version-history":[{"count":1,"href":"https:\/\/amuseapp.art\/es\/wp-json\/wp\/v2\/pages\/303249\/revisions"}],"predecessor-version":[{"id":303251,"href":"https:\/\/amuseapp.art\/es\/wp-json\/wp\/v2\/pages\/303249\/revisions\/303251"}],"wp:attachment":[{"href":"https:\/\/amuseapp.art\/es\/wp-json\/wp\/v2\/media?parent=303249"}],"curies":[{"name":"wp","href":"https:\/\/api.w.org\/{rel}","templated":true}]}}