{"id":303229,"date":"2025-06-11T10:44:00","date_gmt":"2025-06-11T08:44:00","guid":{"rendered":"https:\/\/amuseapp.art\/monetizacion-de-contenidos\/"},"modified":"2025-06-11T10:44:02","modified_gmt":"2025-06-11T08:44:02","slug":"monetizacion-de-contenidos","status":"publish","type":"page","link":"https:\/\/amuseapp.art\/es\/monetizacion-de-contenidos\/","title":{"rendered":"Monetizaci\u00f3n de contenidos"},"content":{"rendered":"\t\t<div data-elementor-type=\"wp-page\" data-elementor-id=\"303229\" class=\"elementor elementor-303229 elementor-296497\" data-elementor-post-type=\"page\">\n\t\t\t\t\t\t<section class=\"elementor-section elementor-top-section elementor-element elementor-element-5a723a7 elementor-section-boxed elementor-section-height-default elementor-section-height-default\" data-id=\"5a723a7\" data-element_type=\"section\" data-e-type=\"section\" data-settings=\"{&quot;jet_parallax_layout_list&quot;:[]}\">\n\t\t\t\t\t\t<div class=\"elementor-container elementor-column-gap-default\">\n\t\t\t\t\t<div class=\"elementor-column elementor-col-100 elementor-top-column elementor-element elementor-element-117c475\" data-id=\"117c475\" data-element_type=\"column\" data-e-type=\"column\">\n\t\t\t<div class=\"elementor-widget-wrap elementor-element-populated\">\n\t\t\t\t\t\t<div class=\"elementor-element elementor-element-fd446e6 elementor-widget__width-auto elementor-widget elementor-widget-heading\" data-id=\"fd446e6\" data-element_type=\"widget\" data-e-type=\"widget\" data-widget_type=\"heading.default\">\n\t\t\t\t<div class=\"elementor-widget-container\">\n\t\t\t\t\t<h1 class=\"elementor-heading-title elementor-size-default\">Monetizaci\u00f3n de contenidos<\/h1>\t\t\t\t<\/div>\n\t\t\t\t<\/div>\n\t\t\t\t\t<\/div>\n\t\t<\/div>\n\t\t\t\t\t<\/div>\n\t\t<\/section>\n\t\t<div class=\"elementor-element elementor-element-1d2b151 e-flex e-con-boxed e-con e-parent\" data-id=\"1d2b151\" data-element_type=\"container\" data-e-type=\"container\" data-settings=\"{&quot;jet_parallax_layout_list&quot;:[]}\">\n\t\t\t\t\t<div class=\"e-con-inner\">\n\t\t<div class=\"elementor-element elementor-element-244fda0 e-con-full e-flex e-con e-child\" data-id=\"244fda0\" data-element_type=\"container\" data-e-type=\"container\" data-settings=\"{&quot;jet_parallax_layout_list&quot;:[]}\">\n\t\t\t\t<div class=\"elementor-element elementor-element-afbe5f5 elementor-widget elementor-widget-text-editor\" data-id=\"afbe5f5\" data-element_type=\"widget\" data-e-type=\"widget\" data-widget_type=\"text-editor.default\">\n\t\t\t\t<div class=\"elementor-widget-container\">\n\t\t\t\t\t\t\t\t\t<p><span style=\"font-weight: 400;\">Con amuseapp, puedes monetizar el contenido de tu museo, creando as\u00ed una nueva fuente de ingresos.  <\/span><\/p><p><span style=\"font-weight: 400;\">Al ofrecer audiogu\u00edas y contenidos interactivos, puedes generar ingresos adicionales que ayudar\u00e1n a financiar no s\u00f3lo el mantenimiento y cuidado de las exposiciones, sino tambi\u00e9n a mejorar los servicios ofrecidos a los visitantes.<\/span><\/p>\t\t\t\t\t\t\t\t<\/div>\n\t\t\t\t<\/div>\n\t\t\t\t<\/div>\n\t\t<div class=\"elementor-element elementor-element-6e005ca e-con-full e-flex e-con e-child\" data-id=\"6e005ca\" data-element_type=\"container\" data-e-type=\"container\" data-settings=\"{&quot;background_background&quot;:&quot;classic&quot;,&quot;jet_parallax_layout_list&quot;:[]}\">\n\t\t\t\t<div class=\"elementor-element elementor-element-f796f14 elementor-widget elementor-widget-image\" data-id=\"f796f14\" data-element_type=\"widget\" data-e-type=\"widget\" data-widget_type=\"image.default\">\n\t\t\t\t<div class=\"elementor-widget-container\">\n\t\t\t\t\t\t\t\t\t\t\t\t\t\t\t<img fetchpriority=\"high\" decoding=\"async\" width=\"516\" height=\"1024\" src=\"https:\/\/amuseapp.art\/wp-content\/uploads\/2024\/09\/step-1-e1726749395678-516x1024.png\" class=\"attachment-large size-large wp-image-303230\" alt=\"\" srcset=\"https:\/\/amuseapp.art\/wp-content\/uploads\/2024\/09\/step-1-e1726749395678-516x1024.png 516w, https:\/\/amuseapp.art\/wp-content\/uploads\/2024\/09\/step-1-e1726749395678-151x300.png 151w, https:\/\/amuseapp.art\/wp-content\/uploads\/2024\/09\/step-1-e1726749395678-768x1524.png 768w, https:\/\/amuseapp.art\/wp-content\/uploads\/2024\/09\/step-1-e1726749395678-774x1536.png 774w, https:\/\/amuseapp.art\/wp-content\/uploads\/2024\/09\/step-1-e1726749395678-1032x2048.png 1032w, https:\/\/amuseapp.art\/wp-content\/uploads\/2024\/09\/step-1-e1726749395678.png 1134w\" sizes=\"(max-width: 516px) 100vw, 516px\" \/>\t\t\t\t\t\t\t\t\t\t\t\t\t\t\t<\/div>\n\t\t\t\t<\/div>\n\t\t\t\t<\/div>\n\t\t\t\t\t<\/div>\n\t\t\t\t<\/div>\n\t\t<div class=\"elementor-element elementor-element-aace268 e-flex e-con-boxed e-con e-parent\" data-id=\"aace268\" data-element_type=\"container\" data-e-type=\"container\" data-settings=\"{&quot;background_background&quot;:&quot;classic&quot;,&quot;jet_parallax_layout_list&quot;:[]}\">\n\t\t\t\t\t<div class=\"e-con-inner\">\n\t\t<div class=\"elementor-element elementor-element-8f8ec0c e-con-full e-flex e-con e-child\" data-id=\"8f8ec0c\" data-element_type=\"container\" data-e-type=\"container\" data-settings=\"{&quot;jet_parallax_layout_list&quot;:[]}\">\n\t\t\t\t<div class=\"elementor-element elementor-element-8052c3f elementor-widget elementor-widget-image\" data-id=\"8052c3f\" data-element_type=\"widget\" data-e-type=\"widget\" data-widget_type=\"image.default\">\n\t\t\t\t<div class=\"elementor-widget-container\">\n\t\t\t\t\t\t\t\t\t\t\t\t\t\t\t<img decoding=\"async\" width=\"527\" height=\"1024\" src=\"https:\/\/amuseapp.art\/wp-content\/uploads\/2024\/09\/step-2-e1726749335976-527x1024.png\" class=\"attachment-large size-large wp-image-303231\" alt=\"\" srcset=\"https:\/\/amuseapp.art\/wp-content\/uploads\/2024\/09\/step-2-e1726749335976-527x1024.png 527w, https:\/\/amuseapp.art\/wp-content\/uploads\/2024\/09\/step-2-e1726749335976-154x300.png 154w, https:\/\/amuseapp.art\/wp-content\/uploads\/2024\/09\/step-2-e1726749335976-768x1491.png 768w, https:\/\/amuseapp.art\/wp-content\/uploads\/2024\/09\/step-2-e1726749335976-791x1536.png 791w, https:\/\/amuseapp.art\/wp-content\/uploads\/2024\/09\/step-2-e1726749335976-1055x2048.png 1055w, https:\/\/amuseapp.art\/wp-content\/uploads\/2024\/09\/step-2-e1726749335976.png 1156w\" sizes=\"(max-width: 527px) 100vw, 527px\" \/>\t\t\t\t\t\t\t\t\t\t\t\t\t\t\t<\/div>\n\t\t\t\t<\/div>\n\t\t\t\t<\/div>\n\t\t<div class=\"elementor-element elementor-element-42740a4 e-con-full e-flex e-con e-child\" data-id=\"42740a4\" data-element_type=\"container\" data-e-type=\"container\" data-settings=\"{&quot;jet_parallax_layout_list&quot;:[]}\">\n\t\t\t\t<div class=\"elementor-element elementor-element-3df2118 elementor-widget elementor-widget-text-editor\" data-id=\"3df2118\" data-element_type=\"widget\" data-e-type=\"widget\" data-widget_type=\"text-editor.default\">\n\t\t\t\t<div class=\"elementor-widget-container\">\n\t\t\t\t\t\t\t\t\t<p><span style=\"font-weight: 400;\">Este planteamiento no s\u00f3lo ayuda al museo econ\u00f3micamente, sino que tambi\u00e9n enriquece la experiencia del p\u00fablico, haciendo que tus exposiciones sean m\u00e1s accesibles y atractivas.<\/span><\/p><p><br><span style=\"font-weight: 400;\">Todo ello con <\/span><b>cero costes fijos. <\/b><span style=\"font-weight: 400;\">Puedes vender contenidos al precio que prefieras y pagar un peque\u00f1o porcentaje a amuseapp por cada venta.<\/span><\/p>\t\t\t\t\t\t\t\t<\/div>\n\t\t\t\t<\/div>\n\t\t\t\t<\/div>\n\t\t\t\t\t<\/div>\n\t\t\t\t<\/div>\n\t\t<div class=\"elementor-element elementor-element-17cc95d e-con-full e-flex e-con e-parent\" data-id=\"17cc95d\" data-element_type=\"container\" data-e-type=\"container\" data-settings=\"{&quot;jet_parallax_layout_list&quot;:[]}\">\n\t\t\t\t<\/div>\n\t\t\t\t<\/div>\n\t\t","protected":false},"excerpt":{"rendered":"<p>Monetizaci\u00f3n de contenidos Con amuseapp, puedes monetizar el contenido de tu museo, creando as\u00ed una nueva fuente de ingresos. Al ofrecer audiogu\u00edas y contenidos interactivos, puedes generar ingresos adicionales que ayudar\u00e1n a financiar no s\u00f3lo el mantenimiento y cuidado de las exposiciones, sino tambi\u00e9n a mejorar los servicios ofrecidos a los visitantes. Este planteamiento no [&hellip;]<\/p>\n","protected":false},"author":8,"featured_media":0,"parent":0,"menu_order":0,"comment_status":"closed","ping_status":"closed","template":"elementor_header_footer","meta":{"content-type":"","site-sidebar-layout":"no-sidebar","site-content-layout":"page-builder","ast-site-content-layout":"full-width-container","site-content-style":"unboxed","site-sidebar-style":"unboxed","ast-global-header-display":"","ast-banner-title-visibility":"","ast-main-header-display":"","ast-hfb-above-header-display":"","ast-hfb-below-header-display":"","ast-hfb-mobile-header-display":"","site-post-title":"disabled","ast-breadcrumbs-content":"","ast-featured-img":"disabled","footer-sml-layout":"","ast-disable-related-posts":"","theme-transparent-header-meta":"default","adv-header-id-meta":"","stick-header-meta":"","header-above-stick-meta":"","header-main-stick-meta":"","header-below-stick-meta":"","astra-migrate-meta-layouts":"default","ast-page-background-enabled":"default","ast-page-background-meta":{"desktop":{"background-color":"","background-image":"","background-repeat":"repeat","background-position":"center center","background-size":"auto","background-attachment":"scroll","background-type":"","background-media":"","overlay-type":"","overlay-color":"","overlay-opacity":"","overlay-gradient":""},"tablet":{"background-color":"","background-image":"","background-repeat":"repeat","background-position":"center center","background-size":"auto","background-attachment":"scroll","background-type":"","background-media":"","overlay-type":"","overlay-color":"","overlay-opacity":"","overlay-gradient":""},"mobile":{"background-color":"","background-image":"","background-repeat":"repeat","background-position":"center center","background-size":"auto","background-attachment":"scroll","background-type":"","background-media":"","overlay-type":"","overlay-color":"","overlay-opacity":"","overlay-gradient":""}},"ast-content-background-meta":{"desktop":{"background-color":"var(--ast-global-color-5)","background-image":"","background-repeat":"repeat","background-position":"center center","background-size":"auto","background-attachment":"scroll","background-type":"","background-media":"","overlay-type":"","overlay-color":"","overlay-opacity":"","overlay-gradient":""},"tablet":{"background-color":"var(--ast-global-color-5)","background-image":"","background-repeat":"repeat","background-position":"center center","background-size":"auto","background-attachment":"scroll","background-type":"","background-media":"","overlay-type":"","overlay-color":"","overlay-opacity":"","overlay-gradient":""},"mobile":{"background-color":"var(--ast-global-color-5)","background-image":"","background-repeat":"repeat","background-position":"center center","background-size":"auto","background-attachment":"scroll","background-type":"","background-media":"","overlay-type":"","overlay-color":"","overlay-opacity":"","overlay-gradient":""}},"footnotes":""},"class_list":["post-303229","page","type-page","status-publish","hentry"],"yoast_head":"<!-- This site is optimized with the Yoast SEO plugin v27.3 - https:\/\/yoast.com\/product\/yoast-seo-wordpress\/ -->\n<title>Monetizaci\u00f3n de contenidos - amuseapp<\/title>\n<meta name=\"robots\" content=\"index, follow, max-snippet:-1, max-image-preview:large, max-video-preview:-1\" \/>\n<link rel=\"canonical\" href=\"https:\/\/amuseapp.art\/es\/monetizacion-de-contenidos\/\" \/>\n<meta property=\"og:locale\" content=\"es_ES\" \/>\n<meta property=\"og:type\" content=\"article\" \/>\n<meta property=\"og:title\" content=\"Monetizaci\u00f3n de contenidos - amuseapp\" \/>\n<meta property=\"og:description\" content=\"Monetizaci\u00f3n de contenidos Con amuseapp, puedes monetizar el contenido de tu museo, creando as\u00ed una nueva fuente de ingresos. Al ofrecer audiogu\u00edas y contenidos interactivos, puedes generar ingresos adicionales que ayudar\u00e1n a financiar no s\u00f3lo el mantenimiento y cuidado de las exposiciones, sino tambi\u00e9n a mejorar los servicios ofrecidos a los visitantes. Este planteamiento no [&hellip;]\" \/>\n<meta property=\"og:url\" content=\"https:\/\/amuseapp.art\/es\/monetizacion-de-contenidos\/\" \/>\n<meta property=\"og:site_name\" content=\"amuseapp\" \/>\n<meta property=\"article:publisher\" content=\"https:\/\/www.facebook.com\/amuseappsensi\/\" \/>\n<meta property=\"article:modified_time\" content=\"2025-06-11T08:44:02+00:00\" \/>\n<meta property=\"og:image\" content=\"https:\/\/amuseapp.art\/wp-content\/uploads\/2024\/09\/step-1-e1726749395678.png\" \/>\n\t<meta property=\"og:image:width\" content=\"1134\" \/>\n\t<meta property=\"og:image:height\" content=\"2250\" \/>\n\t<meta property=\"og:image:type\" content=\"image\/png\" \/>\n<meta name=\"twitter:card\" content=\"summary_large_image\" \/>\n<meta name=\"twitter:label1\" content=\"Tiempo de lectura\" \/>\n\t<meta name=\"twitter:data1\" content=\"1 minuto\" \/>\n<script type=\"application\/ld+json\" class=\"yoast-schema-graph\">{\"@context\":\"https:\\\/\\\/schema.org\",\"@graph\":[{\"@type\":\"WebPage\",\"@id\":\"https:\\\/\\\/amuseapp.art\\\/es\\\/monetizacion-de-contenidos\\\/\",\"url\":\"https:\\\/\\\/amuseapp.art\\\/es\\\/monetizacion-de-contenidos\\\/\",\"name\":\"Monetizaci\u00f3n de contenidos - amuseapp\",\"isPartOf\":{\"@id\":\"https:\\\/\\\/amuseapp.art\\\/#website\"},\"primaryImageOfPage\":{\"@id\":\"https:\\\/\\\/amuseapp.art\\\/es\\\/monetizacion-de-contenidos\\\/#primaryimage\"},\"image\":{\"@id\":\"https:\\\/\\\/amuseapp.art\\\/es\\\/monetizacion-de-contenidos\\\/#primaryimage\"},\"thumbnailUrl\":\"https:\\\/\\\/amuseapp.art\\\/wp-content\\\/uploads\\\/2024\\\/09\\\/step-1-e1726749395678-516x1024.png\",\"datePublished\":\"2025-06-11T08:44:00+00:00\",\"dateModified\":\"2025-06-11T08:44:02+00:00\",\"breadcrumb\":{\"@id\":\"https:\\\/\\\/amuseapp.art\\\/es\\\/monetizacion-de-contenidos\\\/#breadcrumb\"},\"inLanguage\":\"es\",\"potentialAction\":[{\"@type\":\"ReadAction\",\"target\":[\"https:\\\/\\\/amuseapp.art\\\/es\\\/monetizacion-de-contenidos\\\/\"]}]},{\"@type\":\"ImageObject\",\"inLanguage\":\"es\",\"@id\":\"https:\\\/\\\/amuseapp.art\\\/es\\\/monetizacion-de-contenidos\\\/#primaryimage\",\"url\":\"https:\\\/\\\/amuseapp.art\\\/wp-content\\\/uploads\\\/2024\\\/09\\\/step-1-e1726749395678-516x1024.png\",\"contentUrl\":\"https:\\\/\\\/amuseapp.art\\\/wp-content\\\/uploads\\\/2024\\\/09\\\/step-1-e1726749395678-516x1024.png\"},{\"@type\":\"BreadcrumbList\",\"@id\":\"https:\\\/\\\/amuseapp.art\\\/es\\\/monetizacion-de-contenidos\\\/#breadcrumb\",\"itemListElement\":[{\"@type\":\"ListItem\",\"position\":1,\"name\":\"Home\",\"item\":\"https:\\\/\\\/amuseapp.art\\\/en\\\/\"},{\"@type\":\"ListItem\",\"position\":2,\"name\":\"Monetizaci\u00f3n de contenidos\"}]},{\"@type\":\"WebSite\",\"@id\":\"https:\\\/\\\/amuseapp.art\\\/#website\",\"url\":\"https:\\\/\\\/amuseapp.art\\\/\",\"name\":\"amuseapp\",\"description\":\"More than just an audioguide\",\"publisher\":{\"@id\":\"https:\\\/\\\/amuseapp.art\\\/#organization\"},\"potentialAction\":[{\"@type\":\"SearchAction\",\"target\":{\"@type\":\"EntryPoint\",\"urlTemplate\":\"https:\\\/\\\/amuseapp.art\\\/?s={search_term_string}\"},\"query-input\":{\"@type\":\"PropertyValueSpecification\",\"valueRequired\":true,\"valueName\":\"search_term_string\"}}],\"inLanguage\":\"es\"},{\"@type\":\"Organization\",\"@id\":\"https:\\\/\\\/amuseapp.art\\\/#organization\",\"name\":\"Amuse\",\"url\":\"https:\\\/\\\/amuseapp.art\\\/\",\"logo\":{\"@type\":\"ImageObject\",\"inLanguage\":\"es\",\"@id\":\"https:\\\/\\\/amuseapp.art\\\/#\\\/schema\\\/logo\\\/image\\\/\",\"url\":\"https:\\\/\\\/amuseapp.art\\\/wp-content\\\/uploads\\\/2021\\\/03\\\/metodo-amuse-logo.svg\",\"contentUrl\":\"https:\\\/\\\/amuseapp.art\\\/wp-content\\\/uploads\\\/2021\\\/03\\\/metodo-amuse-logo.svg\",\"width\":357,\"height\":47,\"caption\":\"Amuse\"},\"image\":{\"@id\":\"https:\\\/\\\/amuseapp.art\\\/#\\\/schema\\\/logo\\\/image\\\/\"},\"sameAs\":[\"https:\\\/\\\/www.facebook.com\\\/amuseappsensi\\\/\"]}]}<\/script>\n<!-- \/ Yoast SEO plugin. -->","yoast_head_json":{"title":"Monetizaci\u00f3n de contenidos - amuseapp","robots":{"index":"index","follow":"follow","max-snippet":"max-snippet:-1","max-image-preview":"max-image-preview:large","max-video-preview":"max-video-preview:-1"},"canonical":"https:\/\/amuseapp.art\/es\/monetizacion-de-contenidos\/","og_locale":"es_ES","og_type":"article","og_title":"Monetizaci\u00f3n de contenidos - amuseapp","og_description":"Monetizaci\u00f3n de contenidos Con amuseapp, puedes monetizar el contenido de tu museo, creando as\u00ed una nueva fuente de ingresos. Al ofrecer audiogu\u00edas y contenidos interactivos, puedes generar ingresos adicionales que ayudar\u00e1n a financiar no s\u00f3lo el mantenimiento y cuidado de las exposiciones, sino tambi\u00e9n a mejorar los servicios ofrecidos a los visitantes. Este planteamiento no [&hellip;]","og_url":"https:\/\/amuseapp.art\/es\/monetizacion-de-contenidos\/","og_site_name":"amuseapp","article_publisher":"https:\/\/www.facebook.com\/amuseappsensi\/","article_modified_time":"2025-06-11T08:44:02+00:00","og_image":[{"width":1134,"height":2250,"url":"https:\/\/amuseapp.art\/wp-content\/uploads\/2024\/09\/step-1-e1726749395678.png","type":"image\/png"}],"twitter_card":"summary_large_image","twitter_misc":{"Tiempo de lectura":"1 minuto"},"schema":{"@context":"https:\/\/schema.org","@graph":[{"@type":"WebPage","@id":"https:\/\/amuseapp.art\/es\/monetizacion-de-contenidos\/","url":"https:\/\/amuseapp.art\/es\/monetizacion-de-contenidos\/","name":"Monetizaci\u00f3n de contenidos - amuseapp","isPartOf":{"@id":"https:\/\/amuseapp.art\/#website"},"primaryImageOfPage":{"@id":"https:\/\/amuseapp.art\/es\/monetizacion-de-contenidos\/#primaryimage"},"image":{"@id":"https:\/\/amuseapp.art\/es\/monetizacion-de-contenidos\/#primaryimage"},"thumbnailUrl":"https:\/\/amuseapp.art\/wp-content\/uploads\/2024\/09\/step-1-e1726749395678-516x1024.png","datePublished":"2025-06-11T08:44:00+00:00","dateModified":"2025-06-11T08:44:02+00:00","breadcrumb":{"@id":"https:\/\/amuseapp.art\/es\/monetizacion-de-contenidos\/#breadcrumb"},"inLanguage":"es","potentialAction":[{"@type":"ReadAction","target":["https:\/\/amuseapp.art\/es\/monetizacion-de-contenidos\/"]}]},{"@type":"ImageObject","inLanguage":"es","@id":"https:\/\/amuseapp.art\/es\/monetizacion-de-contenidos\/#primaryimage","url":"https:\/\/amuseapp.art\/wp-content\/uploads\/2024\/09\/step-1-e1726749395678-516x1024.png","contentUrl":"https:\/\/amuseapp.art\/wp-content\/uploads\/2024\/09\/step-1-e1726749395678-516x1024.png"},{"@type":"BreadcrumbList","@id":"https:\/\/amuseapp.art\/es\/monetizacion-de-contenidos\/#breadcrumb","itemListElement":[{"@type":"ListItem","position":1,"name":"Home","item":"https:\/\/amuseapp.art\/en\/"},{"@type":"ListItem","position":2,"name":"Monetizaci\u00f3n de contenidos"}]},{"@type":"WebSite","@id":"https:\/\/amuseapp.art\/#website","url":"https:\/\/amuseapp.art\/","name":"amuseapp","description":"More than just an audioguide","publisher":{"@id":"https:\/\/amuseapp.art\/#organization"},"potentialAction":[{"@type":"SearchAction","target":{"@type":"EntryPoint","urlTemplate":"https:\/\/amuseapp.art\/?s={search_term_string}"},"query-input":{"@type":"PropertyValueSpecification","valueRequired":true,"valueName":"search_term_string"}}],"inLanguage":"es"},{"@type":"Organization","@id":"https:\/\/amuseapp.art\/#organization","name":"Amuse","url":"https:\/\/amuseapp.art\/","logo":{"@type":"ImageObject","inLanguage":"es","@id":"https:\/\/amuseapp.art\/#\/schema\/logo\/image\/","url":"https:\/\/amuseapp.art\/wp-content\/uploads\/2021\/03\/metodo-amuse-logo.svg","contentUrl":"https:\/\/amuseapp.art\/wp-content\/uploads\/2021\/03\/metodo-amuse-logo.svg","width":357,"height":47,"caption":"Amuse"},"image":{"@id":"https:\/\/amuseapp.art\/#\/schema\/logo\/image\/"},"sameAs":["https:\/\/www.facebook.com\/amuseappsensi\/"]}]}},"_links":{"self":[{"href":"https:\/\/amuseapp.art\/es\/wp-json\/wp\/v2\/pages\/303229","targetHints":{"allow":["GET"]}}],"collection":[{"href":"https:\/\/amuseapp.art\/es\/wp-json\/wp\/v2\/pages"}],"about":[{"href":"https:\/\/amuseapp.art\/es\/wp-json\/wp\/v2\/types\/page"}],"author":[{"embeddable":true,"href":"https:\/\/amuseapp.art\/es\/wp-json\/wp\/v2\/users\/8"}],"replies":[{"embeddable":true,"href":"https:\/\/amuseapp.art\/es\/wp-json\/wp\/v2\/comments?post=303229"}],"version-history":[{"count":1,"href":"https:\/\/amuseapp.art\/es\/wp-json\/wp\/v2\/pages\/303229\/revisions"}],"predecessor-version":[{"id":303232,"href":"https:\/\/amuseapp.art\/es\/wp-json\/wp\/v2\/pages\/303229\/revisions\/303232"}],"wp:attachment":[{"href":"https:\/\/amuseapp.art\/es\/wp-json\/wp\/v2\/media?parent=303229"}],"curies":[{"name":"wp","href":"https:\/\/api.w.org\/{rel}","templated":true}]}}