{"id":303255,"date":"2025-06-11T10:44:06","date_gmt":"2025-06-11T08:44:06","guid":{"rendered":"https:\/\/amuseapp.art\/kuenstliche-intelligenz-fuer-audio-uebersetzungen-und-reiserouten\/"},"modified":"2025-06-11T10:44:07","modified_gmt":"2025-06-11T08:44:07","slug":"kuenstliche-intelligenz-fuer-audio-uebersetzungen-und-reiserouten","status":"publish","type":"page","link":"https:\/\/amuseapp.art\/de\/kuenstliche-intelligenz-fuer-audio-uebersetzungen-und-reiserouten\/","title":{"rendered":"K\u00fcnstliche Intelligenz f\u00fcr Audio, \u00dcbersetzungen und Reiserouten"},"content":{"rendered":"\t\t<div data-elementor-type=\"wp-page\" data-elementor-id=\"303255\" class=\"elementor elementor-303255 elementor-296481\" data-elementor-post-type=\"page\">\n\t\t\t\t\t\t<section class=\"elementor-section elementor-top-section elementor-element elementor-element-5a723a7 elementor-section-boxed elementor-section-height-default elementor-section-height-default\" data-id=\"5a723a7\" data-element_type=\"section\" data-e-type=\"section\" data-settings=\"{&quot;jet_parallax_layout_list&quot;:[]}\">\n\t\t\t\t\t\t<div class=\"elementor-container elementor-column-gap-default\">\n\t\t\t\t\t<div class=\"elementor-column elementor-col-100 elementor-top-column elementor-element elementor-element-117c475\" data-id=\"117c475\" data-element_type=\"column\" data-e-type=\"column\">\n\t\t\t<div class=\"elementor-widget-wrap elementor-element-populated\">\n\t\t\t\t\t\t<div class=\"elementor-element elementor-element-fd446e6 elementor-widget__width-auto elementor-widget elementor-widget-heading\" data-id=\"fd446e6\" data-element_type=\"widget\" data-e-type=\"widget\" data-widget_type=\"heading.default\">\n\t\t\t\t<div class=\"elementor-widget-container\">\n\t\t\t\t\t<h1 class=\"elementor-heading-title elementor-size-default\">K\u00fcnstliche Intelligenz f\u00fcr Audio, \u00dcbersetzungen und Reiserouten<\/h1>\t\t\t\t<\/div>\n\t\t\t\t<\/div>\n\t\t\t\t\t<\/div>\n\t\t<\/div>\n\t\t\t\t\t<\/div>\n\t\t<\/section>\n\t\t<div class=\"elementor-element elementor-element-1d2b151 e-flex e-con-boxed e-con e-parent\" data-id=\"1d2b151\" data-element_type=\"container\" data-e-type=\"container\" data-settings=\"{&quot;jet_parallax_layout_list&quot;:[]}\">\n\t\t\t\t\t<div class=\"e-con-inner\">\n\t\t<div class=\"elementor-element elementor-element-244fda0 e-con-full e-flex e-con e-child\" data-id=\"244fda0\" data-element_type=\"container\" data-e-type=\"container\" data-settings=\"{&quot;jet_parallax_layout_list&quot;:[]}\">\n\t\t\t\t<div class=\"elementor-element elementor-element-afbe5f5 elementor-widget elementor-widget-text-editor\" data-id=\"afbe5f5\" data-element_type=\"widget\" data-e-type=\"widget\" data-widget_type=\"text-editor.default\">\n\t\t\t\t<div class=\"elementor-widget-container\">\n\t\t\t\t\t\t\t\t\t<p><span style=\"font-weight: 400;\">amuseapp ist die L\u00f6sung, die mit Hilfe von k\u00fcnstlicher Intelligenz die Einnahmen Ihres Museums und das Besuchererlebnis steigert.<\/span><\/p><p><strong>In welchem Stadium wird k\u00fcnstliche Intelligenz eingesetzt?  <\/strong><\/p>\t\t\t\t\t\t\t\t<\/div>\n\t\t\t\t<\/div>\n\t\t\t\t<\/div>\n\t\t<div class=\"elementor-element elementor-element-6e005ca e-con-full e-flex e-con e-child\" data-id=\"6e005ca\" data-element_type=\"container\" data-e-type=\"container\" data-settings=\"{&quot;background_background&quot;:&quot;classic&quot;,&quot;jet_parallax_layout_list&quot;:[]}\">\n\t\t\t\t<div class=\"elementor-element elementor-element-f796f14 elementor-widget elementor-widget-image\" data-id=\"f796f14\" data-element_type=\"widget\" data-e-type=\"widget\" data-widget_type=\"image.default\">\n\t\t\t\t<div class=\"elementor-widget-container\">\n\t\t\t\t\t\t\t\t\t\t\t\t\t\t\t<img fetchpriority=\"high\" decoding=\"async\" width=\"1024\" height=\"768\" src=\"https:\/\/amuseapp.art\/wp-content\/uploads\/2024\/09\/dashoard-amuseapp-mockup-1024x768.png\" class=\"attachment-large size-large wp-image-303256\" alt=\"\" srcset=\"https:\/\/amuseapp.art\/wp-content\/uploads\/2024\/09\/dashoard-amuseapp-mockup-1024x768.png 1024w, https:\/\/amuseapp.art\/wp-content\/uploads\/2024\/09\/dashoard-amuseapp-mockup-300x225.png 300w, https:\/\/amuseapp.art\/wp-content\/uploads\/2024\/09\/dashoard-amuseapp-mockup-768x576.png 768w, https:\/\/amuseapp.art\/wp-content\/uploads\/2024\/09\/dashoard-amuseapp-mockup.png 1200w\" sizes=\"(max-width: 1024px) 100vw, 1024px\" \/>\t\t\t\t\t\t\t\t\t\t\t\t\t\t\t<\/div>\n\t\t\t\t<\/div>\n\t\t\t\t<\/div>\n\t\t\t\t\t<\/div>\n\t\t\t\t<\/div>\n\t\t<div class=\"elementor-element elementor-element-43dc5a7 e-flex e-con-boxed e-con e-parent\" data-id=\"43dc5a7\" data-element_type=\"container\" data-e-type=\"container\" data-settings=\"{&quot;jet_parallax_layout_list&quot;:[],&quot;background_background&quot;:&quot;classic&quot;}\">\n\t\t\t\t\t<div class=\"e-con-inner\">\n\t\t<div class=\"elementor-element elementor-element-fa338fa e-con-full e-flex e-con e-child\" data-id=\"fa338fa\" data-element_type=\"container\" data-e-type=\"container\" data-settings=\"{&quot;jet_parallax_layout_list&quot;:[]}\">\n\t\t\t\t<div class=\"elementor-element elementor-element-55da11c elementor-widget elementor-widget-heading\" data-id=\"55da11c\" data-element_type=\"widget\" data-e-type=\"widget\" data-widget_type=\"heading.default\">\n\t\t\t\t<div class=\"elementor-widget-container\">\n\t\t\t\t\t<h2 class=\"elementor-heading-title elementor-size-default\">Bei der Erstellung der Inhalte f\u00fcr den Audioguide<\/h2>\t\t\t\t<\/div>\n\t\t\t\t<\/div>\n\t\t\t\t<div class=\"elementor-element elementor-element-e72c6f5 elementor-widget elementor-widget-text-editor\" data-id=\"e72c6f5\" data-element_type=\"widget\" data-e-type=\"widget\" data-widget_type=\"text-editor.default\">\n\t\t\t\t<div class=\"elementor-widget-container\">\n\t\t\t\t\t\t\t\t\t<p><strong>SCHRITT 1: ERSTELLUNG VON INHALTEN<br><\/strong><span style=\"font-weight: 400;\">Die Kulturseite wird dem Team Referenzmaterial zur Verf\u00fcgung stellen:<\/span><\/p><ul><li><span style=\"font-weight: 400;\">die Aufnahme einer gef\u00fchrten Tour,  <\/span><\/li><li><span style=\"font-weight: 400;\">die Kataloge,  <\/span><\/li><li><span style=\"font-weight: 400;\">die Website,  <\/span><\/li><li><span style=\"font-weight: 400;\">ein Buch,<\/span><\/li><\/ul><p><span style=\"font-weight: 400;\">ein pdf-Dokument mit Erkl\u00e4rungen zu den verschiedenen interessanten Punkten  <\/span><\/p><p><strong>SCHRITT 2: \u00dcBERPR\u00dcFUNG DES INHALTS<\/strong><\/p><p><span style=\"font-weight: 400;\">Dieses Material wird von der KI verarbeitet und dann vom amuseapp-Team \u00fcberpr\u00fcft, das sicherstellt, dass der Inhalt klar, detailliert und fehlerfrei ist.  <\/span><\/p><p><span style=\"font-weight: 400;\"><strong>SCHRITT 3: ANPASSUNG DER INHALTE<\/strong><br><\/span><span style=\"font-weight: 400;\">An diesem Punkt werden sie sein:<\/span><\/p><ul><li style=\"font-weight: 400;\" aria-level=\"1\"><span style=\"font-weight: 400;\">KI-generierte \u00dcbersetzungen von Inhalten in die Sprachen, die f\u00fcr die Kulturst\u00e4tte erforderlich sind<\/span><\/li><li style=\"font-weight: 400;\" aria-level=\"1\"><span style=\"font-weight: 400;\">Ma\u00dfgeschneiderte Besuchsrouten f\u00fcr Kinder, Erwachsene, Experten, ausl\u00e4ndische Touristen, Sinnesbehinderte und Studenten, die von der IA entsprechend den Anforderungen der Kulturst\u00e4tte erstellt werden<\/span><\/li><\/ul><p><span style=\"font-weight: 400;\"><strong>SCHRITT 4: ERZEUGUNG VON AUDIOSPUREN<\/strong><br><\/span><span style=\"font-weight: 400;\">Als n\u00e4chstes werden die Stimmen generiert, wiederum durch KI. <\/span> <\/p>\t\t\t\t\t\t\t\t<\/div>\n\t\t\t\t<\/div>\n\t\t\t\t<div class=\"elementor-element elementor-element-2546f22 elementor-widget elementor-widget-image\" data-id=\"2546f22\" data-element_type=\"widget\" data-e-type=\"widget\" data-widget_type=\"image.default\">\n\t\t\t\t<div class=\"elementor-widget-container\">\n\t\t\t\t\t\t\t\t\t\t\t\t\t\t\t<img decoding=\"async\" width=\"1024\" height=\"138\" src=\"https:\/\/amuseapp.art\/wp-content\/uploads\/2024\/09\/catena-workflow-no-sfondo-1024x138.png\" class=\"attachment-large size-large wp-image-297019\" alt=\"\" srcset=\"https:\/\/amuseapp.art\/wp-content\/uploads\/2024\/09\/catena-workflow-no-sfondo-1024x138.png 1024w, https:\/\/amuseapp.art\/wp-content\/uploads\/2024\/09\/catena-workflow-no-sfondo-300x40.png 300w, https:\/\/amuseapp.art\/wp-content\/uploads\/2024\/09\/catena-workflow-no-sfondo-768x104.png 768w, https:\/\/amuseapp.art\/wp-content\/uploads\/2024\/09\/catena-workflow-no-sfondo-1536x207.png 1536w, https:\/\/amuseapp.art\/wp-content\/uploads\/2024\/09\/catena-workflow-no-sfondo.png 1860w\" sizes=\"(max-width: 1024px) 100vw, 1024px\" \/>\t\t\t\t\t\t\t\t\t\t\t\t\t\t\t<\/div>\n\t\t\t\t<\/div>\n\t\t\t\t<\/div>\n\t\t\t\t\t<\/div>\n\t\t\t\t<\/div>\n\t\t<div class=\"elementor-element elementor-element-17cc95d e-con-full e-flex e-con e-parent\" data-id=\"17cc95d\" data-element_type=\"container\" data-e-type=\"container\" data-settings=\"{&quot;jet_parallax_layout_list&quot;:[]}\">\n\t\t\t\t<\/div>\n\t\t\t\t<\/div>\n\t\t","protected":false},"excerpt":{"rendered":"<p>K\u00fcnstliche Intelligenz f\u00fcr Audio, \u00dcbersetzungen und Reiserouten amuseapp ist die L\u00f6sung, die mit Hilfe von k\u00fcnstlicher Intelligenz die Einnahmen Ihres Museums und das Besuchererlebnis steigert. In welchem Stadium wird k\u00fcnstliche Intelligenz eingesetzt? Bei der Erstellung der Inhalte f\u00fcr den Audioguide SCHRITT 1: ERSTELLUNG VON INHALTENDie Kulturseite wird dem Team Referenzmaterial zur Verf\u00fcgung stellen: die Aufnahme [&hellip;]<\/p>\n","protected":false},"author":8,"featured_media":0,"parent":0,"menu_order":0,"comment_status":"closed","ping_status":"closed","template":"elementor_header_footer","meta":{"content-type":"","site-sidebar-layout":"no-sidebar","site-content-layout":"page-builder","ast-site-content-layout":"full-width-container","site-content-style":"unboxed","site-sidebar-style":"unboxed","ast-global-header-display":"","ast-banner-title-visibility":"","ast-main-header-display":"","ast-hfb-above-header-display":"","ast-hfb-below-header-display":"","ast-hfb-mobile-header-display":"","site-post-title":"disabled","ast-breadcrumbs-content":"","ast-featured-img":"disabled","footer-sml-layout":"","ast-disable-related-posts":"","theme-transparent-header-meta":"default","adv-header-id-meta":"","stick-header-meta":"","header-above-stick-meta":"","header-main-stick-meta":"","header-below-stick-meta":"","astra-migrate-meta-layouts":"default","ast-page-background-enabled":"default","ast-page-background-meta":{"desktop":{"background-color":"","background-image":"","background-repeat":"repeat","background-position":"center center","background-size":"auto","background-attachment":"scroll","background-type":"","background-media":"","overlay-type":"","overlay-color":"","overlay-opacity":"","overlay-gradient":""},"tablet":{"background-color":"","background-image":"","background-repeat":"repeat","background-position":"center center","background-size":"auto","background-attachment":"scroll","background-type":"","background-media":"","overlay-type":"","overlay-color":"","overlay-opacity":"","overlay-gradient":""},"mobile":{"background-color":"","background-image":"","background-repeat":"repeat","background-position":"center center","background-size":"auto","background-attachment":"scroll","background-type":"","background-media":"","overlay-type":"","overlay-color":"","overlay-opacity":"","overlay-gradient":""}},"ast-content-background-meta":{"desktop":{"background-color":"var(--ast-global-color-5)","background-image":"","background-repeat":"repeat","background-position":"center center","background-size":"auto","background-attachment":"scroll","background-type":"","background-media":"","overlay-type":"","overlay-color":"","overlay-opacity":"","overlay-gradient":""},"tablet":{"background-color":"var(--ast-global-color-5)","background-image":"","background-repeat":"repeat","background-position":"center center","background-size":"auto","background-attachment":"scroll","background-type":"","background-media":"","overlay-type":"","overlay-color":"","overlay-opacity":"","overlay-gradient":""},"mobile":{"background-color":"var(--ast-global-color-5)","background-image":"","background-repeat":"repeat","background-position":"center center","background-size":"auto","background-attachment":"scroll","background-type":"","background-media":"","overlay-type":"","overlay-color":"","overlay-opacity":"","overlay-gradient":""}},"footnotes":""},"class_list":["post-303255","page","type-page","status-publish","hentry"],"yoast_head":"<!-- This site is optimized with the Yoast SEO plugin v27.4 - https:\/\/yoast.com\/product\/yoast-seo-wordpress\/ -->\n<title>K\u00fcnstliche Intelligenz f\u00fcr Audio, \u00dcbersetzungen und Reiserouten - amuseapp<\/title>\n<meta name=\"robots\" content=\"index, follow, max-snippet:-1, max-image-preview:large, max-video-preview:-1\" \/>\n<link rel=\"canonical\" href=\"https:\/\/amuseapp.art\/de\/kuenstliche-intelligenz-fuer-audio-uebersetzungen-und-reiserouten\/\" \/>\n<meta property=\"og:locale\" content=\"de_DE\" \/>\n<meta property=\"og:type\" content=\"article\" \/>\n<meta property=\"og:title\" content=\"K\u00fcnstliche Intelligenz f\u00fcr Audio, \u00dcbersetzungen und Reiserouten - amuseapp\" \/>\n<meta property=\"og:description\" content=\"K\u00fcnstliche Intelligenz f\u00fcr Audio, \u00dcbersetzungen und Reiserouten amuseapp ist die L\u00f6sung, die mit Hilfe von k\u00fcnstlicher Intelligenz die Einnahmen Ihres Museums und das Besuchererlebnis steigert. In welchem Stadium wird k\u00fcnstliche Intelligenz eingesetzt? Bei der Erstellung der Inhalte f\u00fcr den Audioguide SCHRITT 1: ERSTELLUNG VON INHALTENDie Kulturseite wird dem Team Referenzmaterial zur Verf\u00fcgung stellen: die Aufnahme [&hellip;]\" \/>\n<meta property=\"og:url\" content=\"https:\/\/amuseapp.art\/de\/kuenstliche-intelligenz-fuer-audio-uebersetzungen-und-reiserouten\/\" \/>\n<meta property=\"og:site_name\" content=\"amuseapp\" \/>\n<meta property=\"article:publisher\" content=\"https:\/\/www.facebook.com\/amuseappsensi\/\" \/>\n<meta property=\"article:modified_time\" content=\"2025-06-11T08:44:07+00:00\" \/>\n<meta property=\"og:image\" content=\"https:\/\/amuseapp.art\/wp-content\/uploads\/2024\/09\/dashoard-amuseapp-mockup.png\" \/>\n\t<meta property=\"og:image:width\" content=\"1200\" \/>\n\t<meta property=\"og:image:height\" content=\"900\" \/>\n\t<meta property=\"og:image:type\" content=\"image\/png\" \/>\n<meta name=\"twitter:card\" content=\"summary_large_image\" \/>\n<meta name=\"twitter:label1\" content=\"Gesch\u00e4tzte Lesezeit\" \/>\n\t<meta name=\"twitter:data1\" content=\"1\u00a0Minute\" \/>\n<script type=\"application\/ld+json\" class=\"yoast-schema-graph\">{\"@context\":\"https:\\\/\\\/schema.org\",\"@graph\":[{\"@type\":\"WebPage\",\"@id\":\"https:\\\/\\\/amuseapp.art\\\/de\\\/kuenstliche-intelligenz-fuer-audio-uebersetzungen-und-reiserouten\\\/\",\"url\":\"https:\\\/\\\/amuseapp.art\\\/de\\\/kuenstliche-intelligenz-fuer-audio-uebersetzungen-und-reiserouten\\\/\",\"name\":\"K\u00fcnstliche Intelligenz f\u00fcr Audio, \u00dcbersetzungen und Reiserouten - amuseapp\",\"isPartOf\":{\"@id\":\"https:\\\/\\\/amuseapp.art\\\/#website\"},\"primaryImageOfPage\":{\"@id\":\"https:\\\/\\\/amuseapp.art\\\/de\\\/kuenstliche-intelligenz-fuer-audio-uebersetzungen-und-reiserouten\\\/#primaryimage\"},\"image\":{\"@id\":\"https:\\\/\\\/amuseapp.art\\\/de\\\/kuenstliche-intelligenz-fuer-audio-uebersetzungen-und-reiserouten\\\/#primaryimage\"},\"thumbnailUrl\":\"https:\\\/\\\/amuseapp.art\\\/wp-content\\\/uploads\\\/2024\\\/09\\\/dashoard-amuseapp-mockup-1024x768.png\",\"datePublished\":\"2025-06-11T08:44:06+00:00\",\"dateModified\":\"2025-06-11T08:44:07+00:00\",\"breadcrumb\":{\"@id\":\"https:\\\/\\\/amuseapp.art\\\/de\\\/kuenstliche-intelligenz-fuer-audio-uebersetzungen-und-reiserouten\\\/#breadcrumb\"},\"inLanguage\":\"de\",\"potentialAction\":[{\"@type\":\"ReadAction\",\"target\":[\"https:\\\/\\\/amuseapp.art\\\/de\\\/kuenstliche-intelligenz-fuer-audio-uebersetzungen-und-reiserouten\\\/\"]}]},{\"@type\":\"ImageObject\",\"inLanguage\":\"de\",\"@id\":\"https:\\\/\\\/amuseapp.art\\\/de\\\/kuenstliche-intelligenz-fuer-audio-uebersetzungen-und-reiserouten\\\/#primaryimage\",\"url\":\"https:\\\/\\\/amuseapp.art\\\/wp-content\\\/uploads\\\/2024\\\/09\\\/dashoard-amuseapp-mockup-1024x768.png\",\"contentUrl\":\"https:\\\/\\\/amuseapp.art\\\/wp-content\\\/uploads\\\/2024\\\/09\\\/dashoard-amuseapp-mockup-1024x768.png\"},{\"@type\":\"BreadcrumbList\",\"@id\":\"https:\\\/\\\/amuseapp.art\\\/de\\\/kuenstliche-intelligenz-fuer-audio-uebersetzungen-und-reiserouten\\\/#breadcrumb\",\"itemListElement\":[{\"@type\":\"ListItem\",\"position\":1,\"name\":\"Home\",\"item\":\"https:\\\/\\\/amuseapp.art\\\/en\\\/\"},{\"@type\":\"ListItem\",\"position\":2,\"name\":\"K\u00fcnstliche Intelligenz f\u00fcr Audio, \u00dcbersetzungen und Reiserouten\"}]},{\"@type\":\"WebSite\",\"@id\":\"https:\\\/\\\/amuseapp.art\\\/#website\",\"url\":\"https:\\\/\\\/amuseapp.art\\\/\",\"name\":\"amuseapp\",\"description\":\"More than just an audioguide\",\"publisher\":{\"@id\":\"https:\\\/\\\/amuseapp.art\\\/#organization\"},\"potentialAction\":[{\"@type\":\"SearchAction\",\"target\":{\"@type\":\"EntryPoint\",\"urlTemplate\":\"https:\\\/\\\/amuseapp.art\\\/?s={search_term_string}\"},\"query-input\":{\"@type\":\"PropertyValueSpecification\",\"valueRequired\":true,\"valueName\":\"search_term_string\"}}],\"inLanguage\":\"de\"},{\"@type\":\"Organization\",\"@id\":\"https:\\\/\\\/amuseapp.art\\\/#organization\",\"name\":\"Amuse\",\"url\":\"https:\\\/\\\/amuseapp.art\\\/\",\"logo\":{\"@type\":\"ImageObject\",\"inLanguage\":\"de\",\"@id\":\"https:\\\/\\\/amuseapp.art\\\/#\\\/schema\\\/logo\\\/image\\\/\",\"url\":\"https:\\\/\\\/amuseapp.art\\\/wp-content\\\/uploads\\\/2021\\\/03\\\/metodo-amuse-logo.svg\",\"contentUrl\":\"https:\\\/\\\/amuseapp.art\\\/wp-content\\\/uploads\\\/2021\\\/03\\\/metodo-amuse-logo.svg\",\"width\":357,\"height\":47,\"caption\":\"Amuse\"},\"image\":{\"@id\":\"https:\\\/\\\/amuseapp.art\\\/#\\\/schema\\\/logo\\\/image\\\/\"},\"sameAs\":[\"https:\\\/\\\/www.facebook.com\\\/amuseappsensi\\\/\"]}]}<\/script>\n<!-- \/ Yoast SEO plugin. -->","yoast_head_json":{"title":"K\u00fcnstliche Intelligenz f\u00fcr Audio, \u00dcbersetzungen und Reiserouten - amuseapp","robots":{"index":"index","follow":"follow","max-snippet":"max-snippet:-1","max-image-preview":"max-image-preview:large","max-video-preview":"max-video-preview:-1"},"canonical":"https:\/\/amuseapp.art\/de\/kuenstliche-intelligenz-fuer-audio-uebersetzungen-und-reiserouten\/","og_locale":"de_DE","og_type":"article","og_title":"K\u00fcnstliche Intelligenz f\u00fcr Audio, \u00dcbersetzungen und Reiserouten - amuseapp","og_description":"K\u00fcnstliche Intelligenz f\u00fcr Audio, \u00dcbersetzungen und Reiserouten amuseapp ist die L\u00f6sung, die mit Hilfe von k\u00fcnstlicher Intelligenz die Einnahmen Ihres Museums und das Besuchererlebnis steigert. In welchem Stadium wird k\u00fcnstliche Intelligenz eingesetzt? Bei der Erstellung der Inhalte f\u00fcr den Audioguide SCHRITT 1: ERSTELLUNG VON INHALTENDie Kulturseite wird dem Team Referenzmaterial zur Verf\u00fcgung stellen: die Aufnahme [&hellip;]","og_url":"https:\/\/amuseapp.art\/de\/kuenstliche-intelligenz-fuer-audio-uebersetzungen-und-reiserouten\/","og_site_name":"amuseapp","article_publisher":"https:\/\/www.facebook.com\/amuseappsensi\/","article_modified_time":"2025-06-11T08:44:07+00:00","og_image":[{"width":1200,"height":900,"url":"https:\/\/amuseapp.art\/wp-content\/uploads\/2024\/09\/dashoard-amuseapp-mockup.png","type":"image\/png"}],"twitter_card":"summary_large_image","twitter_misc":{"Gesch\u00e4tzte Lesezeit":"1\u00a0Minute"},"schema":{"@context":"https:\/\/schema.org","@graph":[{"@type":"WebPage","@id":"https:\/\/amuseapp.art\/de\/kuenstliche-intelligenz-fuer-audio-uebersetzungen-und-reiserouten\/","url":"https:\/\/amuseapp.art\/de\/kuenstliche-intelligenz-fuer-audio-uebersetzungen-und-reiserouten\/","name":"K\u00fcnstliche Intelligenz f\u00fcr Audio, \u00dcbersetzungen und Reiserouten - amuseapp","isPartOf":{"@id":"https:\/\/amuseapp.art\/#website"},"primaryImageOfPage":{"@id":"https:\/\/amuseapp.art\/de\/kuenstliche-intelligenz-fuer-audio-uebersetzungen-und-reiserouten\/#primaryimage"},"image":{"@id":"https:\/\/amuseapp.art\/de\/kuenstliche-intelligenz-fuer-audio-uebersetzungen-und-reiserouten\/#primaryimage"},"thumbnailUrl":"https:\/\/amuseapp.art\/wp-content\/uploads\/2024\/09\/dashoard-amuseapp-mockup-1024x768.png","datePublished":"2025-06-11T08:44:06+00:00","dateModified":"2025-06-11T08:44:07+00:00","breadcrumb":{"@id":"https:\/\/amuseapp.art\/de\/kuenstliche-intelligenz-fuer-audio-uebersetzungen-und-reiserouten\/#breadcrumb"},"inLanguage":"de","potentialAction":[{"@type":"ReadAction","target":["https:\/\/amuseapp.art\/de\/kuenstliche-intelligenz-fuer-audio-uebersetzungen-und-reiserouten\/"]}]},{"@type":"ImageObject","inLanguage":"de","@id":"https:\/\/amuseapp.art\/de\/kuenstliche-intelligenz-fuer-audio-uebersetzungen-und-reiserouten\/#primaryimage","url":"https:\/\/amuseapp.art\/wp-content\/uploads\/2024\/09\/dashoard-amuseapp-mockup-1024x768.png","contentUrl":"https:\/\/amuseapp.art\/wp-content\/uploads\/2024\/09\/dashoard-amuseapp-mockup-1024x768.png"},{"@type":"BreadcrumbList","@id":"https:\/\/amuseapp.art\/de\/kuenstliche-intelligenz-fuer-audio-uebersetzungen-und-reiserouten\/#breadcrumb","itemListElement":[{"@type":"ListItem","position":1,"name":"Home","item":"https:\/\/amuseapp.art\/en\/"},{"@type":"ListItem","position":2,"name":"K\u00fcnstliche Intelligenz f\u00fcr Audio, \u00dcbersetzungen und Reiserouten"}]},{"@type":"WebSite","@id":"https:\/\/amuseapp.art\/#website","url":"https:\/\/amuseapp.art\/","name":"amuseapp","description":"More than just an audioguide","publisher":{"@id":"https:\/\/amuseapp.art\/#organization"},"potentialAction":[{"@type":"SearchAction","target":{"@type":"EntryPoint","urlTemplate":"https:\/\/amuseapp.art\/?s={search_term_string}"},"query-input":{"@type":"PropertyValueSpecification","valueRequired":true,"valueName":"search_term_string"}}],"inLanguage":"de"},{"@type":"Organization","@id":"https:\/\/amuseapp.art\/#organization","name":"Amuse","url":"https:\/\/amuseapp.art\/","logo":{"@type":"ImageObject","inLanguage":"de","@id":"https:\/\/amuseapp.art\/#\/schema\/logo\/image\/","url":"https:\/\/amuseapp.art\/wp-content\/uploads\/2021\/03\/metodo-amuse-logo.svg","contentUrl":"https:\/\/amuseapp.art\/wp-content\/uploads\/2021\/03\/metodo-amuse-logo.svg","width":357,"height":47,"caption":"Amuse"},"image":{"@id":"https:\/\/amuseapp.art\/#\/schema\/logo\/image\/"},"sameAs":["https:\/\/www.facebook.com\/amuseappsensi\/"]}]}},"_links":{"self":[{"href":"https:\/\/amuseapp.art\/de\/wp-json\/wp\/v2\/pages\/303255","targetHints":{"allow":["GET"]}}],"collection":[{"href":"https:\/\/amuseapp.art\/de\/wp-json\/wp\/v2\/pages"}],"about":[{"href":"https:\/\/amuseapp.art\/de\/wp-json\/wp\/v2\/types\/page"}],"author":[{"embeddable":true,"href":"https:\/\/amuseapp.art\/de\/wp-json\/wp\/v2\/users\/8"}],"replies":[{"embeddable":true,"href":"https:\/\/amuseapp.art\/de\/wp-json\/wp\/v2\/comments?post=303255"}],"version-history":[{"count":1,"href":"https:\/\/amuseapp.art\/de\/wp-json\/wp\/v2\/pages\/303255\/revisions"}],"predecessor-version":[{"id":303257,"href":"https:\/\/amuseapp.art\/de\/wp-json\/wp\/v2\/pages\/303255\/revisions\/303257"}],"wp:attachment":[{"href":"https:\/\/amuseapp.art\/de\/wp-json\/wp\/v2\/media?parent=303255"}],"curies":[{"name":"wp","href":"https:\/\/api.w.org\/{rel}","templated":true}]}}